{"id":1236,"date":"2013-04-06T16:56:28","date_gmt":"2013-04-06T14:56:28","guid":{"rendered":"http:\/\/www.kriesi.at\/themes\/enfold\/?page_id=1236"},"modified":"2014-05-19T10:17:22","modified_gmt":"2014-05-19T08:17:22","slug":"blank","status":"publish","type":"page","link":"https:\/\/www.kahrglas.at\/?page_id=1236","title":{"rendered":"Reparaturen"},"content":{"rendered":"\n<style type=\"text\/css\" data-created_by=\"avia_inline_auto\" id=\"style-css-av-av_section-b47084ea5eea03850b52fecf982af9fc\">\n.avia-section.av-av_section-b47084ea5eea03850b52fecf982af9fc{\nbackground-color:#ffffff;\nbackground-image:unset;\n}\n<\/style>\n<div id='av_section_1'  class='avia-section av-av_section-b47084ea5eea03850b52fecf982af9fc alternate_color avia-section-default avia-no-shadow  avia-builder-el-0  avia-builder-el-no-sibling  avia-bg-style-scroll container_wrap sidebar_right'  ><div class='container av-section-cont-open' ><main  role=\"main\" itemprop=\"mainContentOfPage\"  class='template-page content  av-content-small alpha units'><div class='post-entry post-entry-type-page post-entry-1236'><div class='entry-content-wrapper clearfix'>\n\n<style type=\"text\/css\" data-created_by=\"avia_inline_auto\" id=\"style-css-av-av_image-bee910620e842135f756fbddffb7e444\">\n.avia-image-container.av-av_image-bee910620e842135f756fbddffb7e444 img.avia_image{\nbox-shadow:none;\n}\n.avia-image-container.av-av_image-bee910620e842135f756fbddffb7e444 .av-image-caption-overlay-center{\ncolor:#ffffff;\n}\n<\/style>\n<div  class='avia-image-container av-av_image-bee910620e842135f756fbddffb7e444 av-styling- avia-align-center  avia-builder-el-1  el_before_av_textblock  avia-builder-el-first '   itemprop=\"image\" itemscope=\"itemscope\" itemtype=\"https:\/\/schema.org\/ImageObject\" ><div class=\"avia-image-container-inner\"><div class=\"avia-image-overlay-wrap\"><img decoding=\"async\" width=\"300\" height=\"200\" class='wp-image-2998 avia-img-lazy-loading-not-2998 avia_image ' src=\"http:\/\/www.kahrglas.at\/wp-content\/uploads\/2013\/04\/rep-300x200.jpg\" alt='' title='rep'   itemprop=\"thumbnailUrl\" srcset=\"https:\/\/www.kahrglas.at\/wp-content\/uploads\/2013\/04\/rep-300x200.jpg 300w, https:\/\/www.kahrglas.at\/wp-content\/uploads\/2013\/04\/rep.jpg 400w\" sizes=\"(max-width: 300px) 100vw, 300px\" \/><\/div><\/div><\/div>\n<section  class='av_textblock_section av-av_textblock-aaf3a53f7e22769a7798f31e42769683 '   itemscope=\"itemscope\" itemtype=\"https:\/\/schema.org\/CreativeWork\" ><div class='avia_textblock'  itemprop=\"text\" ><h1 style=\"text-align: center;\">Abwicklung Ihres Versicherungsfalls<\/h1>\n<p style=\"text-align: center;\">Im Schadensfall bitten wir Sie, das nachstehende Versicherungsformular downzuloaden oder vor Ort bei uns auszuf\u00fcllen. Wir \u00fcbernehmen gerne die direkte Abwicklung mit Ihrem Versicherungsunternehmen. Informieren Sie sich bei uns \u00fcber die Reparaturm\u00f6glichkeiten f\u00fcr Ihren speziellen Glasschaden.<\/p>\n<\/div><\/section>\n\n<style type=\"text\/css\" data-created_by=\"avia_inline_auto\" id=\"style-css-av-av_hr-7148c96ad18338470e2200b4c17e1ba3\">\n#top .hr.hr-invisible.av-av_hr-7148c96ad18338470e2200b4c17e1ba3{\nheight:30px;\n}\n<\/style>\n<div  class='hr av-av_hr-7148c96ad18338470e2200b4c17e1ba3 hr-invisible  avia-builder-el-3  el_after_av_textblock  el_before_av_button '><span class='hr-inner '><span class=\"hr-inner-style\"><\/span><\/span><\/div>\n<div  class='avia-button-wrap av-av_button-a148676581b134cf2ae282e6094fe4e0-wrap avia-button-center  avia-builder-el-4  el_after_av_hr  avia-builder-el-last '><a href='\/wp-content\/uploads\/2014\/05\/schadensanzeige.pdf'  class='avia-button av-av_button-a148676581b134cf2ae282e6094fe4e0 avia-icon_select-yes-left-icon avia-size-medium avia-position-center avia-color-theme-color-subtle'  ><span class='avia_button_icon avia_button_icon_left' aria-hidden='true' data-av_icon='\ue830' data-av_iconfont='entypo-fontello'><\/span><span class='avia_iconbox_title' >Versicherungsformular Download<\/span><\/a><\/div>\n<\/div><\/div><\/main><!-- close content main element --><\/div><\/div><div id='after_section_1'  class='main_color av_default_container_wrap container_wrap sidebar_right'  ><div class='container av-section-cont-open' ><div class='template-page content  av-content-small alpha units'><div class='post-entry post-entry-type-page post-entry-1236'><div class='entry-content-wrapper clearfix'>\n","protected":false},"excerpt":{"rendered":"","protected":false},"author":1,"featured_media":0,"parent":1122,"menu_order":0,"comment_status":"open","ping_status":"closed","template":"","meta":{"footnotes":""},"_links":{"self":[{"href":"https:\/\/www.kahrglas.at\/index.php?rest_route=\/wp\/v2\/pages\/1236"}],"collection":[{"href":"https:\/\/www.kahrglas.at\/index.php?rest_route=\/wp\/v2\/pages"}],"about":[{"href":"https:\/\/www.kahrglas.at\/index.php?rest_route=\/wp\/v2\/types\/page"}],"author":[{"embeddable":true,"href":"https:\/\/www.kahrglas.at\/index.php?rest_route=\/wp\/v2\/users\/1"}],"replies":[{"embeddable":true,"href":"https:\/\/www.kahrglas.at\/index.php?rest_route=%2Fwp%2Fv2%2Fcomments&post=1236"}],"version-history":[{"count":8,"href":"https:\/\/www.kahrglas.at\/index.php?rest_route=\/wp\/v2\/pages\/1236\/revisions"}],"predecessor-version":[{"id":3419,"href":"https:\/\/www.kahrglas.at\/index.php?rest_route=\/wp\/v2\/pages\/1236\/revisions\/3419"}],"up":[{"embeddable":true,"href":"https:\/\/www.kahrglas.at\/index.php?rest_route=\/wp\/v2\/pages\/1122"}],"wp:attachment":[{"href":"https:\/\/www.kahrglas.at\/index.php?rest_route=%2Fwp%2Fv2%2Fmedia&parent=1236"}],"curies":[{"name":"wp","href":"https:\/\/api.w.org\/{rel}","templated":true}]}}