{"id":3130,"date":"2014-04-25T12:39:35","date_gmt":"2014-04-25T10:39:35","guid":{"rendered":"http:\/\/www.kahrglas.at\/?page_id=3130"},"modified":"2014-04-29T09:27:14","modified_gmt":"2014-04-29T07:27:14","slug":"aussenanlagen","status":"publish","type":"page","link":"https:\/\/www.kahrglas.at\/?page_id=3130","title":{"rendered":"AUSSENANLAGEN"},"content":{"rendered":"<div id='layer_slider_1'  class='avia-layerslider main_color avia-shadow  avia-builder-el-0  el_before_av_textblock  avia-builder-el-first  container_wrap sidebar_right'  style='height: 151px;'  ><\/div><div id='after_layer_slider_1'  class='main_color av_default_container_wrap container_wrap sidebar_right'  ><div class='container av-section-cont-open' ><div class='template-page content  av-content-small alpha units'><div class='post-entry post-entry-type-page post-entry-3130'><div class='entry-content-wrapper clearfix'>\n<section  class='av_textblock_section av-av_textblock-aaf3a53f7e22769a7798f31e42769683 '   itemscope=\"itemscope\" itemtype=\"https:\/\/schema.org\/CreativeWork\" ><div class='avia_textblock'  itemprop=\"text\" ><h2 style=\"text-align: left;\">Nehmen Sie Einsicht in einen Auszug unserer Arbeiten<br \/>\nzum Thema Aussenanlagen<\/h2>\n<p style=\"text-align: left;\">Da jedes Projekt von uns individuell geplant wird, sollen die nachstehenden Projekte inspirieren und Ihnen auf der Suche nach Ihrer Wunschl\u00f6sung helfen. Filtern Sie die Projekte nach ihren Kategorien um einen noch besseren \u00dcberblick zu erhalten.<\/p>\n<\/div><\/section>\n<div  class='hr av-av_hr-227c863227c22ba0857d6c03120697e5 hr-default  avia-builder-el-2  el_after_av_textblock  el_before_av_portfolio  avia-builder-el-last '><span class='hr-inner '><span class=\"hr-inner-style\"><\/span><\/span><\/div>\n<div  id=\"av-sc-portfolio-1\"  class=\"av-portfolio-grid-sorting-container\"><div class='sort_width_container  av-sort-yes' data-portfolio-id='1' ><div id='js_sort_items' ><div class='sort_by_cat '><a href=\"#\" data-filter=\"all_sort\" class=\"all_sort_button active_sort\"><span class=\"inner_sort_button\"><span>Alle<\/span><small class=\"av-cat-count\"> 4 <\/small><\/span><\/a><span class=\"text-sep schilder_sort_sep\">\/<\/span><a href=\"#\" data-filter=\"schilder_sort\" class=\"schilder_sort_button\" ><span class=\"inner_sort_button\"><span>Franz\u00f6siche Balkone<\/span><small class=\"av-cat-count\"> 1 <\/small><\/span><\/a><span class=\"text-sep gelaender-aussen_sort_sep\">\/<\/span><a href=\"#\" data-filter=\"gelaender-aussen_sort\" class=\"gelaender-aussen_sort_button\" ><span class=\"inner_sort_button\"><span>Gel\u00e4nder Aussen<\/span><small class=\"av-cat-count\"> 1 <\/small><\/span><\/a><span class=\"text-sep portal-verglasung_sort_sep\">\/<\/span><a href=\"#\" data-filter=\"portal-verglasung_sort\" class=\"portal-verglasung_sort_button\" ><span class=\"inner_sort_button\"><span>Portal Verglasung<\/span><small class=\"av-cat-count\"> 1 <\/small><\/span><\/a><span class=\"text-sep vordaecher_sort_sep\">\/<\/span><a href=\"#\" data-filter=\"vordaecher_sort\" class=\"vordaecher_sort_button\" ><span class=\"inner_sort_button\"><span>Vord\u00e4cher<\/span><small class=\"av-cat-count\"> 1 <\/small><\/span><\/a><\/div><\/div><\/div><div  class=' grid-sort-container isotope   no_margin-container with-title-container grid-total-even grid-col-4 grid-links-' data-portfolio-id='1'><div data-ajax-id='3279' class=' grid-entry flex_column isotope-item all_sort no_margin post-entry post-entry-3279 grid-entry-overview grid-loop-1 grid-parity-odd  gelaender-aussen_sort  av_one_fourth first default_av_fullwidth '><article class='main_color inner-entry'  itemscope=\"itemscope\" itemtype=\"https:\/\/schema.org\/CreativeWork\" ><a href=\"https:\/\/www.kahrglas.at\/?portfolio=gelaender-aussenbereich\" title='Gel\u00e4nder Au\u00dfenbereich'  data-rel='grid-1' class='grid-image avia-hover-fx'> <img decoding=\"async\" width=\"260\" height=\"185\" src=\"https:\/\/www.kahrglas.at\/wp-content\/uploads\/2014\/05\/geland_22-260x185.jpg\" class=\"wp-image-3286 avia-img-lazy-loading-not-3286 attachment-portfolio_small size-portfolio_small wp-post-image\" alt=\"\" \/><\/a><div class='grid-content'><div class='avia-arrow'><\/div><header class=\"entry-content-header\"><h3 class='grid-entry-title entry-title '  itemprop=\"headline\" ><a href='https:\/\/www.kahrglas.at\/?portfolio=gelaender-aussenbereich' title='Gel\u00e4nder Au\u00dfenbereich'>Gel\u00e4nder Au\u00dfenbereich<\/a><\/h3><\/header><\/div><footer class=\"entry-footer\"><\/footer><\/article><\/div><div data-ajax-id='3207' class=' grid-entry flex_column isotope-item all_sort no_margin post-entry post-entry-3207 grid-entry-overview grid-loop-2 grid-parity-even  portal-verglasung_sort  av_one_fourth  default_av_fullwidth '><article class='main_color inner-entry'  itemscope=\"itemscope\" itemtype=\"https:\/\/schema.org\/CreativeWork\" ><a href=\"https:\/\/www.kahrglas.at\/?portfolio=portal-verglasung\" title='Glasz\u00e4une'  data-rel='grid-1' class='grid-image avia-hover-fx'> <img decoding=\"async\" width=\"260\" height=\"185\" src=\"https:\/\/www.kahrglas.at\/wp-content\/uploads\/2014\/04\/por7-260x185.jpg\" class=\"wp-image-3252 avia-img-lazy-loading-not-3252 attachment-portfolio_small size-portfolio_small wp-post-image\" alt=\"\" \/><\/a><div class='grid-content'><div class='avia-arrow'><\/div><header class=\"entry-content-header\"><h3 class='grid-entry-title entry-title '  itemprop=\"headline\" ><a href='https:\/\/www.kahrglas.at\/?portfolio=portal-verglasung' title='Glasz\u00e4une'>Glasz\u00e4une<\/a><\/h3><\/header><\/div><footer class=\"entry-footer\"><\/footer><\/article><\/div><div data-ajax-id='3206' class=' grid-entry flex_column isotope-item all_sort no_margin post-entry post-entry-3206 grid-entry-overview grid-loop-3 grid-parity-odd  schilder_sort  av_one_fourth  default_av_fullwidth '><article class='main_color inner-entry'  itemscope=\"itemscope\" itemtype=\"https:\/\/schema.org\/CreativeWork\" ><a href=\"https:\/\/www.kahrglas.at\/?portfolio=franzoesische-balkone\" title='Franz\u00f6sische Balkone'  data-rel='grid-1' class='grid-image avia-hover-fx'> <img decoding=\"async\" width=\"260\" height=\"185\" src=\"https:\/\/www.kahrglas.at\/wp-content\/uploads\/2014\/04\/franzbalk1-260x185.jpg\" class=\"wp-image-3314 avia-img-lazy-loading-not-3314 attachment-portfolio_small size-portfolio_small wp-post-image\" alt=\"\" \/><\/a><div class='grid-content'><div class='avia-arrow'><\/div><header class=\"entry-content-header\"><h3 class='grid-entry-title entry-title '  itemprop=\"headline\" ><a href='https:\/\/www.kahrglas.at\/?portfolio=franzoesische-balkone' title='Franz\u00f6sische Balkone'>Franz\u00f6sische Balkone<\/a><\/h3><\/header><\/div><footer class=\"entry-footer\"><\/footer><\/article><\/div><div data-ajax-id='3204' class=' grid-entry flex_column isotope-item all_sort no_margin post-entry post-entry-3204 grid-entry-overview grid-loop-4 grid-parity-even  post-entry-last  vordaecher_sort  av_one_fourth  default_av_fullwidth '><article class='main_color inner-entry'  itemscope=\"itemscope\" itemtype=\"https:\/\/schema.org\/CreativeWork\" ><a href=\"https:\/\/www.kahrglas.at\/?portfolio=vordaecher\" title='Vord\u00e4cher'  data-rel='grid-1' class='grid-image avia-hover-fx'> <img decoding=\"async\" width=\"260\" height=\"185\" src=\"https:\/\/www.kahrglas.at\/wp-content\/uploads\/2014\/04\/vordach4-260x185.jpg\" class=\"wp-image-3322 avia-img-lazy-loading-not-3322 attachment-portfolio_small size-portfolio_small wp-post-image\" alt=\"\" \/><\/a><div class='grid-content'><div class='avia-arrow'><\/div><header class=\"entry-content-header\"><h3 class='grid-entry-title entry-title '  itemprop=\"headline\" ><a href='https:\/\/www.kahrglas.at\/?portfolio=vordaecher' title='Vord\u00e4cher'>Vord\u00e4cher<\/a><\/h3><\/header><\/div><footer class=\"entry-footer\"><\/footer><\/article><\/div><\/div><\/div>   <!--   class=\"av-portfolio-grid-sorting-container\"  -->\n<div id='av_section_1'  class='avia-section av-av_section-da11e74358c16ec4a2c71fd953915985 main_color avia-section-default avia-no-shadow  avia-builder-el-4  el_after_av_portfolio  avia-builder-el-last  avia-bg-style-parallax container_wrap sidebar_right'  ><div class='container av-section-cont-open' ><div class='template-page content  av-content-small alpha units'><div class='post-entry post-entry-type-page post-entry-3130'><div class='entry-content-wrapper clearfix'>\n<div  class='avia-testimonial-wrapper av-av_testimonials-78566fe937716a4ae31da1b51dada40a avia-grid-testimonials avia-grid-2-testimonials avia_animate_when_almost_visible' >\n<section class=\"avia-testimonial-row\"><div class='avia-testimonial av-av_testimonial_single-b5d8f541211b3b6f163d799249acd0b0 avia-testimonial-row-1 avia-first-testimonial flex_column no_margin av_one_half'><div class='avia-testimonial_inner'  itemscope=\"itemscope\" itemtype=\"https:\/\/schema.org\/CreativeWork\" ><div class='avia-testimonial-content '><div class='avia-testimonial-markup-entry-content'  itemprop=\"text\" ><h2 style=\"text-align: center;\"><span style=\"color: #ffffff;\"><em>Kunst und Handwerk. Glas und Metall.<\/em><\/span><\/h2>\n<address style=\"text-align: center;\"><span style=\"color: #ffffff;\"><em>www.kahrglas.at<\/em><\/span><\/address>\n<address style=\"text-align: center;\"><span style=\"color: #ffffff;\"><em>Gro\u00df Enzersdorf bei Wien<\/em><\/span><\/address>\n<\/div><\/div><div class=\"avia-testimonial-meta\"><div class=\"avia-testimonial-arrow-wrap\"><div class=\"avia-arrow\"><\/div><\/div><div class='avia-testimonial-meta-mini'  itemprop=\"author\" itemscope=\"itemscope\" itemtype=\"https:\/\/schema.org\/Person\" ><\/div><\/div><\/div><\/div>\n<\/section><\/div>\n<\/div><\/div><\/div><!-- close content main div --><\/div><\/div><div id='after_section_1'  class='main_color av_default_container_wrap container_wrap sidebar_right'  ><div class='container av-section-cont-open' ><div class='template-page content  av-content-small alpha units'><div class='post-entry post-entry-type-page post-entry-3130'><div class='entry-content-wrapper clearfix'>\n","protected":false},"excerpt":{"rendered":"","protected":false},"author":1,"featured_media":0,"parent":992,"menu_order":0,"comment_status":"open","ping_status":"closed","template":"","meta":{"footnotes":""},"_links":{"self":[{"href":"https:\/\/www.kahrglas.at\/index.php?rest_route=\/wp\/v2\/pages\/3130"}],"collection":[{"href":"https:\/\/www.kahrglas.at\/index.php?rest_route=\/wp\/v2\/pages"}],"about":[{"href":"https:\/\/www.kahrglas.at\/index.php?rest_route=\/wp\/v2\/types\/page"}],"author":[{"embeddable":true,"href":"https:\/\/www.kahrglas.at\/index.php?rest_route=\/wp\/v2\/users\/1"}],"replies":[{"embeddable":true,"href":"https:\/\/www.kahrglas.at\/index.php?rest_route=%2Fwp%2Fv2%2Fcomments&post=3130"}],"version-history":[{"count":6,"href":"https:\/\/www.kahrglas.at\/index.php?rest_route=\/wp\/v2\/pages\/3130\/revisions"}],"predecessor-version":[{"id":3208,"href":"https:\/\/www.kahrglas.at\/index.php?rest_route=\/wp\/v2\/pages\/3130\/revisions\/3208"}],"up":[{"embeddable":true,"href":"https:\/\/www.kahrglas.at\/index.php?rest_route=\/wp\/v2\/pages\/992"}],"wp:attachment":[{"href":"https:\/\/www.kahrglas.at\/index.php?rest_route=%2Fwp%2Fv2%2Fmedia&parent=3130"}],"curies":[{"name":"wp","href":"https:\/\/api.w.org\/{rel}","templated":true}]}}